{"id":16,"date":"2020-09-21T18:55:07","date_gmt":"2020-09-21T18:55:07","guid":{"rendered":"https:\/\/acachopa.com\/?page_id=16"},"modified":"2021-03-29T02:04:45","modified_gmt":"2021-03-29T02:04:45","slug":"sobre","status":"publish","type":"page","link":"https:\/\/acachopa.com\/en\/sobre\/","title":{"rendered":"About Me"},"content":{"rendered":"<p>O meu nome \u00e9 Susana mas, &#8220;l\u00e1 por casa&#8221;, durante a inf\u00e2ncia, sempre fui tratada por Cachopa. Era uma forma carinhosa e tipicamente rural de se referirem \u00e0s&nbsp;&#8220;meninas jovens&#8221;. N\u00e3o importa que lugar ocupe &#8211; no mundo ou na vida &#8211; a express\u00e3o &#8220;a cachopa&#8221; serve para me lembrar sempre de onde vim e onde est\u00e3o as minhas ra\u00edzes.<\/p>\n\n\n\n<p>O projeto <strong>A Cachopa <\/strong>come\u00e7ou em 2016, sucedendo v\u00e1rios outros. Afirma-se como um site de viagens, mas tamb\u00e9m partilhas de estilo de vida e opini\u00f5es muito pessoais. As minhas melhores e piores experi\u00eancias s\u00e3o aqui relatadas. Com a seriedade que \u00e9 necess\u00e1ria, mas com o bom humor que considero essencial.<\/p>\n\n\n\n<p>Aqui, encontrar\u00e3o os roteiros que fa\u00e7o, os locais que visito, as hist\u00f3rias com as quais me cruzo e as curiosidades sobre Portugal que nunca deixa de me surpreender. <\/p>\n\n\n\n<p>Se estiver interessado em trabalhar com&nbsp;o site<strong> A Cachopa,<\/strong> por favor envie e-mail: <\/p>\n\n\n\n<p><strong>susana@acachopa.com<\/strong><\/p>\n\n\n\n<p><\/p>","protected":false},"excerpt":{"rendered":"<p>O meu nome \u00e9 Susana mas, &#8220;l\u00e1 por casa&#8221;, durante a inf\u00e2ncia, sempre fui tratada por Cachopa. Era uma forma carinhosa e tipicamente rural de se referirem \u00e0s&nbsp;&#8220;meninas jovens&#8221;. N\u00e3o importa que lugar ocupe &#8211; &hellip; <\/p>","protected":false},"author":1,"featured_media":1271,"parent":0,"menu_order":0,"comment_status":"closed","ping_status":"closed","template":"","meta":{"footnotes":""},"class_list":["post-16","page","type-page","status-publish","has-post-thumbnail","hentry"],"_links":{"self":[{"href":"https:\/\/acachopa.com\/en\/wp-json\/wp\/v2\/pages\/16","targetHints":{"allow":["GET"]}}],"collection":[{"href":"https:\/\/acachopa.com\/en\/wp-json\/wp\/v2\/pages"}],"about":[{"href":"https:\/\/acachopa.com\/en\/wp-json\/wp\/v2\/types\/page"}],"author":[{"embeddable":true,"href":"https:\/\/acachopa.com\/en\/wp-json\/wp\/v2\/users\/1"}],"replies":[{"embeddable":true,"href":"https:\/\/acachopa.com\/en\/wp-json\/wp\/v2\/comments?post=16"}],"version-history":[{"count":0,"href":"https:\/\/acachopa.com\/en\/wp-json\/wp\/v2\/pages\/16\/revisions"}],"wp:featuredmedia":[{"embeddable":true,"href":"https:\/\/acachopa.com\/en\/wp-json\/wp\/v2\/media\/1271"}],"wp:attachment":[{"href":"https:\/\/acachopa.com\/en\/wp-json\/wp\/v2\/media?parent=16"}],"curies":[{"name":"wp","href":"https:\/\/api.w.org\/{rel}","templated":true}]}}